{"id":901,"date":"2023-05-26T16:26:47","date_gmt":"2023-05-26T14:26:47","guid":{"rendered":"https:\/\/milipresman.fr\/?page_id=901"},"modified":"2023-05-26T16:26:47","modified_gmt":"2023-05-26T14:26:47","slug":"videos","status":"publish","type":"page","link":"https:\/\/milipresman.fr\/?page_id=901","title":{"rendered":"Vid\u00e9os"},"content":{"rendered":"\n<p style=\"position: relative !important;\"><iframe loading=\"lazy\" src=\"\/\/www.youtube.com\/embed\/tm9D8JO532o\" width=\"560\" height=\"314\" allowfullscreen=\"allowfullscreen\"><\/iframe><iframe loading=\"lazy\" src=\"\/\/www.youtube.com\/embed\/vyCSt5xvbu8\" width=\"560\" height=\"314\" allowfullscreen=\"allowfullscreen\"><\/iframe><iframe loading=\"lazy\" src=\"\/\/www.youtube.com\/embed\/l6UZZyYb5nw\" width=\"560\" height=\"314\" allowfullscreen=\"allowfullscreen\"><\/iframe><iframe loading=\"lazy\" src=\"\/\/www.youtube.com\/embed\/gMeCz5w4X7U\" width=\"560\" height=\"314\" allowfullscreen=\"allowfullscreen\"><\/iframe><\/p>\n<div class=\"cordial-container\" style=\"border-width: 0px; top: 0px; left: 2px; height: 315.6px; width: 301.6px;\">\n<div class=\"cordial-icon\" hidden=\"\">\u00a0<\/div>\n<\/div>\n<div class=\"cordial-container\" style=\"border-width: 0px; top: 0px; left: 0px;\">\n<div class=\"cordial-icon\">\u00a0<\/div>\n<div class=\"cordial-layer cordial-editablediv\" style=\"width: 0px; height: 0px; transform: translate(0px, 0px); top: 0px; left: 0px;\" contenteditable=\"true\" spellcheck=\"false\">\u00a0<\/div>\n<\/div>\n","protected":false},"excerpt":{"rendered":"<p>\u00a0 \u00a0 \u00a0<\/p>\n","protected":false},"author":1,"featured_media":0,"parent":0,"menu_order":0,"comment_status":"closed","ping_status":"closed","template":"","meta":{"advgb_blocks_editor_width":"","advgb_blocks_columns_visual_guide":"","footnotes":""},"class_list":["post-901","page","type-page","status-publish","hentry","entry"],"coauthors":[],"author_meta":{"author_link":"https:\/\/milipresman.fr\/?author=1","display_name":"mili"},"relative_dates":{"created":"Publi\u00e9 3 ans il y a","modified":"Mis \u00e0 jour 3 ans il y a"},"absolute_dates":{"created":"Publi\u00e9 le 26 mai 2023","modified":"Mise \u00e0 jour le 26 mai 2023"},"absolute_dates_time":{"created":"Publi\u00e9 le 26 mai 2023 16 h 26 min","modified":"Mise \u00e0 jour le 26 mai 2023 16 h 26 min"},"featured_img_caption":"","featured_img":false,"series_order":"","_links":{"self":[{"href":"https:\/\/milipresman.fr\/index.php?rest_route=\/wp\/v2\/pages\/901","targetHints":{"allow":["GET"]}}],"collection":[{"href":"https:\/\/milipresman.fr\/index.php?rest_route=\/wp\/v2\/pages"}],"about":[{"href":"https:\/\/milipresman.fr\/index.php?rest_route=\/wp\/v2\/types\/page"}],"author":[{"embeddable":true,"href":"https:\/\/milipresman.fr\/index.php?rest_route=\/wp\/v2\/users\/1"}],"replies":[{"embeddable":true,"href":"https:\/\/milipresman.fr\/index.php?rest_route=%2Fwp%2Fv2%2Fcomments&post=901"}],"version-history":[{"count":1,"href":"https:\/\/milipresman.fr\/index.php?rest_route=\/wp\/v2\/pages\/901\/revisions"}],"predecessor-version":[{"id":903,"href":"https:\/\/milipresman.fr\/index.php?rest_route=\/wp\/v2\/pages\/901\/revisions\/903"}],"wp:attachment":[{"href":"https:\/\/milipresman.fr\/index.php?rest_route=%2Fwp%2Fv2%2Fmedia&parent=901"}],"curies":[{"name":"wp","href":"https:\/\/api.w.org\/{rel}","templated":true}]}}