{"id":571,"date":"2020-04-11T11:38:31","date_gmt":"2020-04-11T09:38:31","guid":{"rendered":"https:\/\/milipresman.fr\/?page_id=571"},"modified":"2025-10-30T21:04:06","modified_gmt":"2025-10-30T20:04:06","slug":"expositions","status":"publish","type":"page","link":"https:\/\/milipresman.fr\/?page_id=571","title":{"rendered":"EXPOSITIONS"},"content":{"rendered":"\n\n\n<h2 class=\"wp-block-heading\">Entre r\u00eave et r\u00e9alit\u00e9. <\/h2>\n\n\n\n<figure class=\"wp-block-image size-large\"><img loading=\"lazy\" decoding=\"async\" width=\"1024\" height=\"724\" src=\"https:\/\/milipresman.fr\/wp-content\/uploads\/2020\/04\/1-Couverture-1024x724.jpg\" alt=\"Exposition au Mus\u00e9e de la Femme. MUMU . Argentine 2020\" class=\"wp-image-576\" srcset=\"https:\/\/milipresman.fr\/wp-content\/uploads\/2020\/04\/1-Couverture-1024x724.jpg 1024w, https:\/\/milipresman.fr\/wp-content\/uploads\/2020\/04\/1-Couverture-300x212.jpg 300w, https:\/\/milipresman.fr\/wp-content\/uploads\/2020\/04\/1-Couverture-768x543.jpg 768w, https:\/\/milipresman.fr\/wp-content\/uploads\/2020\/04\/1-Couverture-1536x1086.jpg 1536w, https:\/\/milipresman.fr\/wp-content\/uploads\/2020\/04\/1-Couverture-2048x1448.jpg 2048w\" sizes=\"auto, (max-width: 1024px) 100vw, 1024px\" \/><\/figure>\n\n\n\n<p class=\"has-text-align-center\">Exposition \u00ab\u00a0Entre r\u00eave et r\u00e9alit\u00e9\u00a0\u00bb<\/p>\n\n\n\n<p class=\"has-text-align-center\"> Mus\u00e9e de la Femme. MUMU. Argentine 2020<\/p>\n\n\n\n<p>Le catalogue de l&rsquo;exposition est disponible : <a href=\"https:\/\/milipresman.fr\/?attachment_id=582\">en fran\u00e7ais<\/a> et <a href=\"https:\/\/milipresman.fr\/?attachment_id=581\">en espagnol<\/a><\/p>\n\n\n\n<div><iframe loading=\"lazy\" width=\"100%\" height=\"800\" src=\"https:\/\/milipresman.fr\/wp-content\/plugins\/wp-media-folder\/class\/templates\/pdf-embed.php?file=https%3A%2F%2Fmilipresman.fr%2Fwp-content%2Fuploads%2F2020%2F05%2FMili-CatalogoFRW.pdf&#038;plugins_url=https%3A%2F%2Fmilipresman.fr%2Fwp-content%2Fplugins%2Fwp-media-folder%2F\" title=\"Embedded PDF\" class=\"wpmf-pdfjs-iframe\"><\/iframe><\/div>\n\n\n\n<p style=\"text-align: center;\">Exposition \u00ab\u00a0Histoires de Femmes\u00a0\u00bb<\/p>\n<p style=\"text-align: center;\">Vivienne Art Galerie. Paris 2021<\/p>\n\n\n\n<h2 class=\"wp-block-heading\">Histoire des femmes.<\/h2>\n\n\n\n<figure class=\"wp-block-image size-large\"><img loading=\"lazy\" decoding=\"async\" width=\"1024\" height=\"814\" src=\"https:\/\/milipresman.fr\/wp-content\/uploads\/2021\/03\/milli-presman-mail-2-1024x814.jpg\" alt=\"\" class=\"wp-image-748\" srcset=\"https:\/\/milipresman.fr\/wp-content\/uploads\/2021\/03\/milli-presman-mail-2-1024x814.jpg 1024w, https:\/\/milipresman.fr\/wp-content\/uploads\/2021\/03\/milli-presman-mail-2-300x238.jpg 300w, https:\/\/milipresman.fr\/wp-content\/uploads\/2021\/03\/milli-presman-mail-2-768x610.jpg 768w, https:\/\/milipresman.fr\/wp-content\/uploads\/2021\/03\/milli-presman-mail-2-1536x1220.jpg 1536w, https:\/\/milipresman.fr\/wp-content\/uploads\/2021\/03\/milli-presman-mail-2.jpg 1820w\" sizes=\"auto, (max-width: 1024px) 100vw, 1024px\" \/><\/figure>\n\n\n\n<figure class=\"wp-block-image size-large\"><img loading=\"lazy\" decoding=\"async\" width=\"1024\" height=\"427\" src=\"https:\/\/milipresman.fr\/wp-content\/uploads\/2021\/03\/6-Tryptique-1-1-1024x427.jpg\" alt=\"\" class=\"wp-image-749\" srcset=\"https:\/\/milipresman.fr\/wp-content\/uploads\/2021\/03\/6-Tryptique-1-1-1024x427.jpg 1024w, https:\/\/milipresman.fr\/wp-content\/uploads\/2021\/03\/6-Tryptique-1-1-300x125.jpg 300w, https:\/\/milipresman.fr\/wp-content\/uploads\/2021\/03\/6-Tryptique-1-1-768x320.jpg 768w, https:\/\/milipresman.fr\/wp-content\/uploads\/2021\/03\/6-Tryptique-1-1-1536x640.jpg 1536w, https:\/\/milipresman.fr\/wp-content\/uploads\/2021\/03\/6-Tryptique-1-1-2048x853.jpg 2048w\" sizes=\"auto, (max-width: 1024px) 100vw, 1024px\" \/><figcaption class=\"wp-element-caption\"><strong>Tryptique: regardes de femmes. 120X50cm<\/strong><\/figcaption><\/figure>\n\n\n\n<figure class=\"wp-block-image size-large\"><img loading=\"lazy\" decoding=\"async\" width=\"1024\" height=\"413\" src=\"https:\/\/milipresman.fr\/wp-content\/uploads\/2021\/03\/1-Tryptique-en-leur-noms--1024x413.jpg\" alt=\"\" class=\"wp-image-750\" srcset=\"https:\/\/milipresman.fr\/wp-content\/uploads\/2021\/03\/1-Tryptique-en-leur-noms--1024x413.jpg 1024w, https:\/\/milipresman.fr\/wp-content\/uploads\/2021\/03\/1-Tryptique-en-leur-noms--300x121.jpg 300w, https:\/\/milipresman.fr\/wp-content\/uploads\/2021\/03\/1-Tryptique-en-leur-noms--768x310.jpg 768w, https:\/\/milipresman.fr\/wp-content\/uploads\/2021\/03\/1-Tryptique-en-leur-noms--1536x620.jpg 1536w, https:\/\/milipresman.fr\/wp-content\/uploads\/2021\/03\/1-Tryptique-en-leur-noms--2048x827.jpg 2048w\" sizes=\"auto, (max-width: 1024px) 100vw, 1024px\" \/><figcaption class=\"wp-element-caption\"><strong>Tryptique : en leur noms. 120x50cm<\/strong><\/figcaption><\/figure>\n\n\n\n<figure class=\"wp-block-image size-large\"><img loading=\"lazy\" decoding=\"async\" width=\"1024\" height=\"697\" src=\"https:\/\/milipresman.fr\/wp-content\/uploads\/2021\/03\/2-Hommage-au-grandmeres-de-la-Place-de-Mai-50x60cm.-acrilico.-2020-1024x697.jpg\" alt=\"\" class=\"wp-image-753\" srcset=\"https:\/\/milipresman.fr\/wp-content\/uploads\/2021\/03\/2-Hommage-au-grandmeres-de-la-Place-de-Mai-50x60cm.-acrilico.-2020-1024x697.jpg 1024w, https:\/\/milipresman.fr\/wp-content\/uploads\/2021\/03\/2-Hommage-au-grandmeres-de-la-Place-de-Mai-50x60cm.-acrilico.-2020-300x204.jpg 300w, https:\/\/milipresman.fr\/wp-content\/uploads\/2021\/03\/2-Hommage-au-grandmeres-de-la-Place-de-Mai-50x60cm.-acrilico.-2020-768x523.jpg 768w, https:\/\/milipresman.fr\/wp-content\/uploads\/2021\/03\/2-Hommage-au-grandmeres-de-la-Place-de-Mai-50x60cm.-acrilico.-2020-1536x1046.jpg 1536w, https:\/\/milipresman.fr\/wp-content\/uploads\/2021\/03\/2-Hommage-au-grandmeres-de-la-Place-de-Mai-50x60cm.-acrilico.-2020-2048x1394.jpg 2048w\" sizes=\"auto, (max-width: 1024px) 100vw, 1024px\" \/><figcaption class=\"wp-element-caption\"><strong>En leur noms. 50x60cm<\/strong><\/figcaption><\/figure>\n\n\n\n<figure class=\"wp-block-image size-large\"><img loading=\"lazy\" decoding=\"async\" width=\"1024\" height=\"683\" src=\"https:\/\/milipresman.fr\/wp-content\/uploads\/2021\/03\/Hommage-a-Simone-Veil-50x60cm.-acrilico-2020--1024x683.jpg\" alt=\"\" class=\"wp-image-751\" srcset=\"https:\/\/milipresman.fr\/wp-content\/uploads\/2021\/03\/Hommage-a-Simone-Veil-50x60cm.-acrilico-2020--1024x683.jpg 1024w, https:\/\/milipresman.fr\/wp-content\/uploads\/2021\/03\/Hommage-a-Simone-Veil-50x60cm.-acrilico-2020--300x200.jpg 300w, https:\/\/milipresman.fr\/wp-content\/uploads\/2021\/03\/Hommage-a-Simone-Veil-50x60cm.-acrilico-2020--768x512.jpg 768w, https:\/\/milipresman.fr\/wp-content\/uploads\/2021\/03\/Hommage-a-Simone-Veil-50x60cm.-acrilico-2020--1536x1024.jpg 1536w, https:\/\/milipresman.fr\/wp-content\/uploads\/2021\/03\/Hommage-a-Simone-Veil-50x60cm.-acrilico-2020--2048x1365.jpg 2048w\" sizes=\"auto, (max-width: 1024px) 100vw, 1024px\" \/><figcaption class=\"wp-element-caption\"><strong>Hommage a Simone Veil. 50x60cm<\/strong><\/figcaption><\/figure>\n\n\n\n<figure class=\"wp-block-image size-large\"><img loading=\"lazy\" decoding=\"async\" width=\"1024\" height=\"741\" src=\"https:\/\/milipresman.fr\/wp-content\/uploads\/2021\/03\/3-Tous-pour-elles-30x50cm.-acrilico-2020-1024x741.jpg\" alt=\"\" class=\"wp-image-752\" srcset=\"https:\/\/milipresman.fr\/wp-content\/uploads\/2021\/03\/3-Tous-pour-elles-30x50cm.-acrilico-2020-1024x741.jpg 1024w, https:\/\/milipresman.fr\/wp-content\/uploads\/2021\/03\/3-Tous-pour-elles-30x50cm.-acrilico-2020-300x217.jpg 300w, https:\/\/milipresman.fr\/wp-content\/uploads\/2021\/03\/3-Tous-pour-elles-30x50cm.-acrilico-2020-768x556.jpg 768w, https:\/\/milipresman.fr\/wp-content\/uploads\/2021\/03\/3-Tous-pour-elles-30x50cm.-acrilico-2020-1536x1111.jpg 1536w, https:\/\/milipresman.fr\/wp-content\/uploads\/2021\/03\/3-Tous-pour-elles-30x50cm.-acrilico-2020-2048x1481.jpg 2048w\" sizes=\"auto, (max-width: 1024px) 100vw, 1024px\" \/><figcaption class=\"wp-element-caption\"><strong>Todes por ellas. 30x50cm.<\/strong><\/figcaption><\/figure>\n\n\n\n\n\n<h2 class=\"wp-block-heading\">Rencontre <\/h2>\n\n\n\n<p><\/p>\n\n\n\n<h2 class=\"wp-block-heading\"><\/h2>\n\n\n\n<figure class=\"wp-block-image size-large\"><img loading=\"lazy\" decoding=\"async\" width=\"476\" height=\"1024\" src=\"https:\/\/milipresman.fr\/wp-content\/uploads\/2023\/08\/invitation-Galerie-Vivienne-1-476x1024.jpg\" alt=\"\" class=\"wp-image-938\" srcset=\"https:\/\/milipresman.fr\/wp-content\/uploads\/2023\/08\/invitation-Galerie-Vivienne-1-476x1024.jpg 476w, https:\/\/milipresman.fr\/wp-content\/uploads\/2023\/08\/invitation-Galerie-Vivienne-1-140x300.jpg 140w, https:\/\/milipresman.fr\/wp-content\/uploads\/2023\/08\/invitation-Galerie-Vivienne-1-768x1652.jpg 768w, https:\/\/milipresman.fr\/wp-content\/uploads\/2023\/08\/invitation-Galerie-Vivienne-1-714x1536.jpg 714w, https:\/\/milipresman.fr\/wp-content\/uploads\/2023\/08\/invitation-Galerie-Vivienne-1-952x2048.jpg 952w, https:\/\/milipresman.fr\/wp-content\/uploads\/2023\/08\/invitation-Galerie-Vivienne-1-scaled.jpg 1190w\" sizes=\"auto, (max-width: 476px) 100vw, 476px\" \/><\/figure>\n\n\n\n\n\n<h2 class=\"wp-block-heading\">Derri\u00e8re les verri\u00e8res  <\/h2>\n\n\n\n<h2 class=\"wp-block-heading\"><\/h2>\n\n\n\n<figure class=\"wp-block-image size-large is-resized\"><img loading=\"lazy\" decoding=\"async\" width=\"1024\" height=\"1009\" src=\"https:\/\/milipresman.fr\/wp-content\/uploads\/2023\/10\/Portes-Ouvertes-Montmartre-aux-artistes-1-1024x1009.jpg\" alt=\"\" class=\"wp-image-974\" style=\"width:840px;height:auto\" srcset=\"https:\/\/milipresman.fr\/wp-content\/uploads\/2023\/10\/Portes-Ouvertes-Montmartre-aux-artistes-1-1024x1009.jpg 1024w, https:\/\/milipresman.fr\/wp-content\/uploads\/2023\/10\/Portes-Ouvertes-Montmartre-aux-artistes-1-300x296.jpg 300w, https:\/\/milipresman.fr\/wp-content\/uploads\/2023\/10\/Portes-Ouvertes-Montmartre-aux-artistes-1-768x757.jpg 768w, https:\/\/milipresman.fr\/wp-content\/uploads\/2023\/10\/Portes-Ouvertes-Montmartre-aux-artistes-1-1536x1513.jpg 1536w, https:\/\/milipresman.fr\/wp-content\/uploads\/2023\/10\/Portes-Ouvertes-Montmartre-aux-artistes-1-2048x2018.jpg 2048w\" sizes=\"auto, (max-width: 1024px) 100vw, 1024px\" \/><\/figure>\n\n\n\n<h2>111 des Arts 2023<\/h2>\n\n\n\n<figure class=\"wp-block-gallery has-nested-images columns-default is-cropped wp-block-gallery-1 is-layout-flex wp-block-gallery-is-layout-flex\">\n<figure class=\"wp-block-image size-large\"><img loading=\"lazy\" decoding=\"async\" width=\"1024\" height=\"1024\" data-id=\"985\" src=\"https:\/\/milipresman.fr\/wp-content\/uploads\/2024\/01\/invitation-111-1024x1024.jpg\" alt=\"\" class=\"wp-image-985\" srcset=\"https:\/\/milipresman.fr\/wp-content\/uploads\/2024\/01\/invitation-111-1024x1024.jpg 1024w, https:\/\/milipresman.fr\/wp-content\/uploads\/2024\/01\/invitation-111-300x300.jpg 300w, https:\/\/milipresman.fr\/wp-content\/uploads\/2024\/01\/invitation-111-150x150.jpg 150w, https:\/\/milipresman.fr\/wp-content\/uploads\/2024\/01\/invitation-111-768x768.jpg 768w, https:\/\/milipresman.fr\/wp-content\/uploads\/2024\/01\/invitation-111.jpg 1079w\" sizes=\"auto, (max-width: 1024px) 100vw, 1024px\" \/><\/figure>\n<\/figure>\n\n\n\n\n\n<figure class=\"wp-block-gallery has-nested-images columns-default is-cropped wp-block-gallery-2 is-layout-flex wp-block-gallery-is-layout-flex\">\n<figure class=\"wp-block-image size-large\"><img loading=\"lazy\" decoding=\"async\" width=\"962\" height=\"1024\" data-id=\"986\" src=\"https:\/\/milipresman.fr\/wp-content\/uploads\/2024\/01\/moi-et-tbleau-962x1024.jpg\" alt=\"\" class=\"wp-image-986\" srcset=\"https:\/\/milipresman.fr\/wp-content\/uploads\/2024\/01\/moi-et-tbleau-962x1024.jpg 962w, https:\/\/milipresman.fr\/wp-content\/uploads\/2024\/01\/moi-et-tbleau-282x300.jpg 282w, https:\/\/milipresman.fr\/wp-content\/uploads\/2024\/01\/moi-et-tbleau-768x818.jpg 768w, https:\/\/milipresman.fr\/wp-content\/uploads\/2024\/01\/moi-et-tbleau.jpg 1176w\" sizes=\"auto, (max-width: 962px) 100vw, 962px\" \/><\/figure>\n<\/figure>\n\n\n\n\n\n\n\n<p>O<strong>PEN STUDIO<\/strong><\/p>\n\n\n\n\n\n<figure class=\"wp-block-image size-full\"><img loading=\"lazy\" decoding=\"async\" width=\"480\" height=\"480\" src=\"https:\/\/milipresman.fr\/wp-content\/uploads\/2024\/12\/Expo-Open-Studio.jpeg\" alt=\"\" class=\"wp-image-1053\" srcset=\"https:\/\/milipresman.fr\/wp-content\/uploads\/2024\/12\/Expo-Open-Studio.jpeg 480w, https:\/\/milipresman.fr\/wp-content\/uploads\/2024\/12\/Expo-Open-Studio-300x300.jpeg 300w, https:\/\/milipresman.fr\/wp-content\/uploads\/2024\/12\/Expo-Open-Studio-150x150.jpeg 150w\" sizes=\"auto, (max-width: 480px) 100vw, 480px\" \/><\/figure>\n\n\n\n\n\n<figure class=\"wp-block-image size-large\"><img loading=\"lazy\" decoding=\"async\" width=\"1024\" height=\"768\" src=\"https:\/\/milipresman.fr\/wp-content\/uploads\/2024\/12\/IMG-20241215-WA0022-1024x768.jpg\" alt=\"\" class=\"wp-image-1054\" srcset=\"https:\/\/milipresman.fr\/wp-content\/uploads\/2024\/12\/IMG-20241215-WA0022-1024x768.jpg 1024w, https:\/\/milipresman.fr\/wp-content\/uploads\/2024\/12\/IMG-20241215-WA0022-300x225.jpg 300w, https:\/\/milipresman.fr\/wp-content\/uploads\/2024\/12\/IMG-20241215-WA0022-768x576.jpg 768w, https:\/\/milipresman.fr\/wp-content\/uploads\/2024\/12\/IMG-20241215-WA0022-1536x1152.jpg 1536w, https:\/\/milipresman.fr\/wp-content\/uploads\/2024\/12\/IMG-20241215-WA0022.jpg 1600w\" sizes=\"auto, (max-width: 1024px) 100vw, 1024px\" \/><\/figure>\n\n\n\n\n\n<h2>Portes ouvertes de Belleville 2024<\/h2>\n<p>\u00a0<\/p>\n\n\n\n<figure class=\"wp-block-image size-full\"><img loading=\"lazy\" decoding=\"async\" width=\"850\" height=\"532\" src=\"https:\/\/milipresman.fr\/wp-content\/uploads\/2025\/10\/invitation-PO-belleville-2024-72dpi.jpg\" alt=\"\" class=\"wp-image-1095\" srcset=\"https:\/\/milipresman.fr\/wp-content\/uploads\/2025\/10\/invitation-PO-belleville-2024-72dpi.jpg 850w, https:\/\/milipresman.fr\/wp-content\/uploads\/2025\/10\/invitation-PO-belleville-2024-72dpi-300x188.jpg 300w, https:\/\/milipresman.fr\/wp-content\/uploads\/2025\/10\/invitation-PO-belleville-2024-72dpi-768x481.jpg 768w\" sizes=\"auto, (max-width: 850px) 100vw, 850px\" \/><\/figure>\n\n\n\n\n\n<h2 class=\"wp-block-heading\"><strong>Portes ouvertes de Belleville 2025<\/strong><\/h2>\n\n\n\n\n\n<figure class=\"wp-block-image size-full is-resized\"><img loading=\"lazy\" decoding=\"async\" width=\"496\" height=\"587\" src=\"https:\/\/milipresman.fr\/wp-content\/uploads\/2025\/10\/invitation-Portes-ouvertes-de-Belleville.jpg\" alt=\"\" class=\"wp-image-1096\" style=\"width:840px;height:auto\" srcset=\"https:\/\/milipresman.fr\/wp-content\/uploads\/2025\/10\/invitation-Portes-ouvertes-de-Belleville.jpg 496w, https:\/\/milipresman.fr\/wp-content\/uploads\/2025\/10\/invitation-Portes-ouvertes-de-Belleville-253x300.jpg 253w\" sizes=\"auto, (max-width: 496px) 100vw, 496px\" \/><\/figure>\n\n\n\n\n\n<p><\/p>\n\n\n\n<h2 class=\"wp-block-heading\">Journ\u00e9es du patrimoine  et open studio 2025<\/h2>\n\n\n\n<p>\u00a0<\/p>\n<p>\u00a0<\/p>\n\n\n\n<figure class=\"wp-block-image size-large\"><img loading=\"lazy\" decoding=\"async\" width=\"731\" height=\"1024\" src=\"https:\/\/milipresman.fr\/wp-content\/uploads\/2025\/10\/FETE-DE-VENDANGES-731x1024.jpg\" alt=\"\" class=\"wp-image-1097\" srcset=\"https:\/\/milipresman.fr\/wp-content\/uploads\/2025\/10\/FETE-DE-VENDANGES-731x1024.jpg 731w, https:\/\/milipresman.fr\/wp-content\/uploads\/2025\/10\/FETE-DE-VENDANGES-214x300.jpg 214w, https:\/\/milipresman.fr\/wp-content\/uploads\/2025\/10\/FETE-DE-VENDANGES-768x1076.jpg 768w, https:\/\/milipresman.fr\/wp-content\/uploads\/2025\/10\/FETE-DE-VENDANGES-1097x1536.jpg 1097w, https:\/\/milipresman.fr\/wp-content\/uploads\/2025\/10\/FETE-DE-VENDANGES.jpg 1462w\" sizes=\"auto, (max-width: 731px) 100vw, 731px\" \/><\/figure>\n\n\n","protected":false},"excerpt":{"rendered":"<p>Entre r\u00eave et r\u00e9alit\u00e9. Exposition \u00ab\u00a0Entre r\u00eave et r\u00e9alit\u00e9\u00a0\u00bb Mus\u00e9e de la Femme. MUMU. Argentine 2020 Le catalogue de l&rsquo;exposition est disponible : en fran\u00e7ais et en espagnol Exposition \u00ab\u00a0Histoires de Femmes\u00a0\u00bb Vivienne Art Galerie. Paris 2021 Histoire des femmes. Rencontre Derri\u00e8re les verri\u00e8res 111 des Arts 2023 OPEN STUDIO Portes ouvertes de Belleville 2024 [&hellip;]<\/p>\n","protected":false},"author":1,"featured_media":0,"parent":0,"menu_order":0,"comment_status":"closed","ping_status":"closed","template":"","meta":{"advgb_blocks_editor_width":"","advgb_blocks_columns_visual_guide":"","footnotes":""},"class_list":["post-571","page","type-page","status-publish","hentry","entry"],"coauthors":[],"author_meta":{"author_link":"https:\/\/milipresman.fr\/?author=1","display_name":"mili"},"relative_dates":{"created":"Publi\u00e9 6 ans il y a","modified":"Mis \u00e0 jour 6 mois il y a"},"absolute_dates":{"created":"Publi\u00e9 le 11 avril 2020","modified":"Mise \u00e0 jour le 30 octobre 2025"},"absolute_dates_time":{"created":"Publi\u00e9 le 11 avril 2020 11 h 38 min","modified":"Mise \u00e0 jour le 30 octobre 2025 21 h 04 min"},"featured_img_caption":"","featured_img":false,"series_order":"","_links":{"self":[{"href":"https:\/\/milipresman.fr\/index.php?rest_route=\/wp\/v2\/pages\/571","targetHints":{"allow":["GET"]}}],"collection":[{"href":"https:\/\/milipresman.fr\/index.php?rest_route=\/wp\/v2\/pages"}],"about":[{"href":"https:\/\/milipresman.fr\/index.php?rest_route=\/wp\/v2\/types\/page"}],"author":[{"embeddable":true,"href":"https:\/\/milipresman.fr\/index.php?rest_route=\/wp\/v2\/users\/1"}],"replies":[{"embeddable":true,"href":"https:\/\/milipresman.fr\/index.php?rest_route=%2Fwp%2Fv2%2Fcomments&post=571"}],"version-history":[{"count":15,"href":"https:\/\/milipresman.fr\/index.php?rest_route=\/wp\/v2\/pages\/571\/revisions"}],"predecessor-version":[{"id":1099,"href":"https:\/\/milipresman.fr\/index.php?rest_route=\/wp\/v2\/pages\/571\/revisions\/1099"}],"wp:attachment":[{"href":"https:\/\/milipresman.fr\/index.php?rest_route=%2Fwp%2Fv2%2Fmedia&parent=571"}],"curies":[{"name":"wp","href":"https:\/\/api.w.org\/{rel}","templated":true}]}}