{"id":47,"date":"2019-03-26T18:01:24","date_gmt":"2019-03-26T17:01:24","guid":{"rendered":"https:\/\/milipresman.fr\/?page_id=47"},"modified":"2019-03-26T18:01:24","modified_gmt":"2019-03-26T17:01:24","slug":"contact","status":"publish","type":"page","link":"https:\/\/milipresman.fr\/?page_id=47","title":{"rendered":"Contact"},"content":{"rendered":"\n<p>milipresman@gmail.com <br>tel.: 0664921030<br>Atelier: 189 rue Ordener. Bat. B esc.4 Atelier 22<br><a href=\"https:\/\/www.facebook.com\/mili.presman\">https:\/\/www.facebook.com\/mili.presman<\/a> <\/p>\n\n\n\n<p><\/p>\n","protected":false},"excerpt":{"rendered":"<p>milipresman@gmail.com tel.: 0664921030Atelier: 189 rue Ordener. Bat. B esc.4 Atelier 22https:\/\/www.facebook.com\/mili.presman<\/p>\n","protected":false},"author":1,"featured_media":0,"parent":0,"menu_order":0,"comment_status":"closed","ping_status":"closed","template":"","meta":{"advgb_blocks_editor_width":"","advgb_blocks_columns_visual_guide":"","footnotes":""},"class_list":["post-47","page","type-page","status-publish","hentry","entry"],"coauthors":[],"author_meta":{"author_link":"https:\/\/milipresman.fr\/?author=1","display_name":"mili"},"relative_dates":{"created":"Publi\u00e9 7 ans il y a","modified":"Mis \u00e0 jour 7 ans il y a"},"absolute_dates":{"created":"Publi\u00e9 le 26 mars 2019","modified":"Mise \u00e0 jour le 26 mars 2019"},"absolute_dates_time":{"created":"Publi\u00e9 le 26 mars 2019 18 h 01 min","modified":"Mise \u00e0 jour le 26 mars 2019 18 h 01 min"},"featured_img_caption":"","featured_img":false,"series_order":"","_links":{"self":[{"href":"https:\/\/milipresman.fr\/index.php?rest_route=\/wp\/v2\/pages\/47","targetHints":{"allow":["GET"]}}],"collection":[{"href":"https:\/\/milipresman.fr\/index.php?rest_route=\/wp\/v2\/pages"}],"about":[{"href":"https:\/\/milipresman.fr\/index.php?rest_route=\/wp\/v2\/types\/page"}],"author":[{"embeddable":true,"href":"https:\/\/milipresman.fr\/index.php?rest_route=\/wp\/v2\/users\/1"}],"replies":[{"embeddable":true,"href":"https:\/\/milipresman.fr\/index.php?rest_route=%2Fwp%2Fv2%2Fcomments&post=47"}],"version-history":[{"count":2,"href":"https:\/\/milipresman.fr\/index.php?rest_route=\/wp\/v2\/pages\/47\/revisions"}],"predecessor-version":[{"id":65,"href":"https:\/\/milipresman.fr\/index.php?rest_route=\/wp\/v2\/pages\/47\/revisions\/65"}],"wp:attachment":[{"href":"https:\/\/milipresman.fr\/index.php?rest_route=%2Fwp%2Fv2%2Fmedia&parent=47"}],"curies":[{"name":"wp","href":"https:\/\/api.w.org\/{rel}","templated":true}]}}