{"id":17,"date":"2019-03-26T17:06:28","date_gmt":"2019-03-26T16:06:28","guid":{"rendered":"https:\/\/milipresman.fr\/?page_id=17"},"modified":"2020-11-20T18:04:52","modified_gmt":"2020-11-20T17:04:52","slug":"biographie","status":"publish","type":"page","link":"https:\/\/milipresman.fr\/?page_id=17","title":{"rendered":"Biographie"},"content":{"rendered":"\n<div class=\"wp-block-columns has-2-columns is-layout-flex wp-container-core-columns-is-layout-9d6595d7 wp-block-columns-is-layout-flex\">\n<div class=\"wp-block-column is-layout-flow wp-block-column-is-layout-flow\">\n<figure class=\"wp-block-image\"><img loading=\"lazy\" decoding=\"async\" width=\"1024\" height=\"380\" src=\"https:\/\/milipresman.fr\/wp-content\/uploads\/2019\/05\/Mili-PRESMAN-catalogue-print_Page_03_Image_0001-1024x380.jpg\" alt=\"\" class=\"wp-image-136\"\/><\/figure>\n<\/div>\n\n\n\n<div class=\"wp-block-column is-layout-flow wp-block-column-is-layout-flow\">\n<p class=\"has-small-font-size\">Mili Presman est n\u00e9e en Argentine en 1956. Elle vit et travaille \u00e0 Paris. Apr\u00e8s avoir quitt\u00e9 son pays sous le joug militaire \u00e0 l\u2019\u00e2ge de vingt et un ans, interrompant ses \u00e9tudes d\u2019architecture pour venir en Espagne, elle s\u2019installe d\u00e9finitivement en France. Elle s\u2019inscrit en 1981 \u00e0 l\u2019Ecole Duperr\u00e9 dans la section c\u00e9ramique et en 1985 \u00e0 l\u2019Ecole des Beaux-arts dans l\u2019atelier de sculpture de Jean Clos. Elle obtient en 1988 une licence d\u2019Arts plastiques de l\u2019universit\u00e9 de Paris VIII o\u00f9 elle fait partie du groupe \u201cCopy Art\u201d travaillant sur la transformation des images. Mili Presman expose r\u00e9guli\u00e8rement \u00e0 Paris et \u00e0 l\u2019\u00e9tranger.<\/p>\n\n\n<\/div>\n<\/div>\n\n\n\n<h2 class=\"wp-block-heading\">Parcours professionnel<\/h2>\n\n\n\n<div class=\"wp-block-columns has-2-columns is-layout-flex wp-container-core-columns-is-layout-9d6595d7 wp-block-columns-is-layout-flex\">\n<div class=\"wp-block-column is-layout-flow wp-block-column-is-layout-flow\">\n<p><strong>FORMATION:<\/strong><br> 1975 &#8211; Trois ann\u00e9es d\u2019\u00e9tude d\u2019architecture, Universit\u00e9 de Cordoba, Argentine<br> 1981 &#8211; \u00c9cole Sup\u00e9rieure des Arts Appliqu\u00e9s Duperr\u00e9, Paris<br> 1985 &#8211; \u00c9cole de Beaux-arts, Paris<br> 1986 &#8211; Licence Arts Plastiques, Universit\u00e9 Paris VIII, Paris<\/p>\n\n\n\n<p><br><strong>EXPOSITIONS: <\/strong> 2008 \u00e0 2020<br><br><strong> Personnelles:<\/strong><\/p>\n\n\n\n<ul class=\"wp-block-list\"><li>Galerie Pav\u00e9 d\u2019Orsay, 48 rue de Lille, 75007 Paris<\/li><li>Galerie Les Caves de Babylone, 17 rue de Chomel, 75007 Paris<\/li><li>Galerie M\u00e9diart, 109 rue Quincampoix, 75003 Paris<\/li><li>Galerie Vivienne Art Galery, 30 Galerie Vivienne, 75002 Paris<\/li><li>Galerie Atelier du G\u00e9nie, 28 Passage du G\u00e9nie, 75012 Paris<\/li><\/ul>\n\n\n\n<p><\/p>\n\n\n\n<ul class=\"wp-block-list\"><li>Museo de la Mujer. Cordoba. Argentine<\/li><\/ul>\n<\/div>\n\n\n\n<div class=\"wp-block-column is-layout-flow wp-block-column-is-layout-flow\">\n<p><strong>Collectives:<\/strong><\/p>\n\n\n\n<ul class=\"wp-block-list\"><li>\u00abL\u00e0 ou je vais, l\u00e0 ou je vis\u00bb, Ateliers d\u2019Artistes de Belleville, 75020 Paris<\/li><li>\u00abArt et M\u00e9moire\u00bb, Ambassade de la R\u00e9publique Argentine en France<\/li><li>\u00abCorrespondances\u00bb, Galerie Vivienne Art Galery, 30 Galerie Vivienne, 75002 Paris<\/li><li>Galerie Absoluty, organis\u00e9e par Jour et Nuit, art et photographie, 75010 Paris<\/li><li>\u00abPolylogue 1789\u00bb, Pavillon Carr\u00e9 de Baudouin, 75020 Paris<\/li><li>\u00abThe Affordable Art Fair\u00bb, 125 West 18th Street, New York City, USA<\/li><li>4\u00e8me Salon d\u2019Art Contemporain \u00e0 Saint Germain en Laye. 2\u00e8me prix de Peinture<br> Participation annuelle:<\/li><li>111 des Arts, Paris. De 2003 \u00e0 ce jour<\/li><li>Portes Ouvertes de Belleville, Paris. De 1990 \u00e0 ce jour<\/li><li>Portes Ouvertes de la Cit\u00e9 Montmartre aux Artistes, 189 rue Ordener, 75018 Paris<\/li><\/ul>\n<\/div>\n<\/div>\n","protected":false},"excerpt":{"rendered":"<p>Mili Presman est n\u00e9e en Argentine en 1956. Elle vit et travaille \u00e0 Paris. Apr\u00e8s avoir quitt\u00e9 son pays sous le joug militaire \u00e0 l\u2019\u00e2ge de vingt et un ans, interrompant ses \u00e9tudes d\u2019architecture pour venir en Espagne, elle s\u2019installe d\u00e9finitivement en France. Elle s\u2019inscrit en 1981 \u00e0 l\u2019Ecole Duperr\u00e9 dans la section c\u00e9ramique et [&hellip;]<\/p>\n","protected":false},"author":1,"featured_media":0,"parent":0,"menu_order":0,"comment_status":"closed","ping_status":"closed","template":"","meta":{"advgb_blocks_editor_width":"","advgb_blocks_columns_visual_guide":"","footnotes":""},"class_list":["post-17","page","type-page","status-publish","hentry","entry"],"coauthors":[],"author_meta":{"author_link":"https:\/\/milipresman.fr\/?author=1","display_name":"mili"},"relative_dates":{"created":"Publi\u00e9 7 ans il y a","modified":"Mis \u00e0 jour 5 ans il y a"},"absolute_dates":{"created":"Publi\u00e9 le 26 mars 2019","modified":"Mise \u00e0 jour le 20 novembre 2020"},"absolute_dates_time":{"created":"Publi\u00e9 le 26 mars 2019 17 h 06 min","modified":"Mise \u00e0 jour le 20 novembre 2020 18 h 04 min"},"featured_img_caption":"","featured_img":false,"series_order":"","_links":{"self":[{"href":"https:\/\/milipresman.fr\/index.php?rest_route=\/wp\/v2\/pages\/17","targetHints":{"allow":["GET"]}}],"collection":[{"href":"https:\/\/milipresman.fr\/index.php?rest_route=\/wp\/v2\/pages"}],"about":[{"href":"https:\/\/milipresman.fr\/index.php?rest_route=\/wp\/v2\/types\/page"}],"author":[{"embeddable":true,"href":"https:\/\/milipresman.fr\/index.php?rest_route=\/wp\/v2\/users\/1"}],"replies":[{"embeddable":true,"href":"https:\/\/milipresman.fr\/index.php?rest_route=%2Fwp%2Fv2%2Fcomments&post=17"}],"version-history":[{"count":20,"href":"https:\/\/milipresman.fr\/index.php?rest_route=\/wp\/v2\/pages\/17\/revisions"}],"predecessor-version":[{"id":730,"href":"https:\/\/milipresman.fr\/index.php?rest_route=\/wp\/v2\/pages\/17\/revisions\/730"}],"wp:attachment":[{"href":"https:\/\/milipresman.fr\/index.php?rest_route=%2Fwp%2Fv2%2Fmedia&parent=17"}],"curies":[{"name":"wp","href":"https:\/\/api.w.org\/{rel}","templated":true}]}}